{"id":1447,"date":"2021-09-02T12:25:32","date_gmt":"2021-09-02T12:25:32","guid":{"rendered":"https:\/\/seofaidate.info\/mozzafa\/?page_id=1447"},"modified":"2021-09-02T16:32:31","modified_gmt":"2021-09-02T16:32:31","slug":"sostenibilita","status":"publish","type":"page","link":"https:\/\/www.mozzafa.it\/index.php\/sostenibilita\/","title":{"rendered":"Sostenibilit\u00e0"},"content":{"rendered":"\t\t<div data-elementor-type=\"wp-page\" data-elementor-id=\"1447\" class=\"elementor elementor-1447\" data-elementor-post-type=\"page\">\n\t\t\t\t\t\t<section class=\"elementor-section elementor-top-section elementor-element elementor-element-6193aa3 elementor-section-full_width elementor-section-stretched elementor-section-height-min-height elementor-section-height-default elementor-section-items-middle\" data-id=\"6193aa3\" data-element_type=\"section\" data-settings=\"{&quot;stretch_section&quot;:&quot;section-stretched&quot;,&quot;background_background&quot;:&quot;classic&quot;,&quot;ekit_has_onepagescroll_dot&quot;:&quot;yes&quot;}\">\n\t\t\t\t\t\t\t<div class=\"elementor-background-overlay\"><\/div>\n\t\t\t\t\t\t\t<div class=\"elementor-container elementor-column-gap-default\">\n\t\t\t\t\t<div class=\"elementor-column elementor-col-100 elementor-top-column elementor-element elementor-element-204ae81\" data-id=\"204ae81\" data-element_type=\"column\">\n\t\t\t<div class=\"elementor-widget-wrap elementor-element-populated\">\n\t\t\t\t\t\t<div class=\"elementor-element elementor-element-699df5b elementor-widget elementor-widget-heading\" data-id=\"699df5b\" data-element_type=\"widget\" data-settings=\"{&quot;ekit_we_effect_on&quot;:&quot;none&quot;}\" data-widget_type=\"heading.default\">\n\t\t\t\t<div class=\"elementor-widget-container\">\n\t\t\t\t\t<h2 class=\"elementor-heading-title elementor-size-default\">Sostenibilit\u00e0<\/h2>\t\t\t\t<\/div>\n\t\t\t\t<\/div>\n\t\t\t\t\t<\/div>\n\t\t<\/div>\n\t\t\t\t\t<\/div>\n\t\t<\/section>\n\t\t\t\t<section class=\"elementor-section elementor-top-section elementor-element elementor-element-ff20c0a elementor-section-boxed elementor-section-height-default elementor-section-height-default elementor-invisible\" data-id=\"ff20c0a\" data-element_type=\"section\" data-settings=\"{&quot;background_background&quot;:&quot;classic&quot;,&quot;animation&quot;:&quot;fadeIn&quot;,&quot;ekit_has_onepagescroll_dot&quot;:&quot;yes&quot;}\">\n\t\t\t\t\t\t\t<div class=\"elementor-background-overlay\"><\/div>\n\t\t\t\t\t\t\t<div class=\"elementor-container elementor-column-gap-default\">\n\t\t\t\t\t<div class=\"elementor-column elementor-col-100 elementor-top-column elementor-element elementor-element-3c071cb\" data-id=\"3c071cb\" data-element_type=\"column\">\n\t\t\t<div class=\"elementor-widget-wrap elementor-element-populated\">\n\t\t\t\t\t\t<div class=\"elementor-element elementor-element-496c403 elementor-widget elementor-widget-heading\" data-id=\"496c403\" data-element_type=\"widget\" data-settings=\"{&quot;ekit_we_effect_on&quot;:&quot;none&quot;}\" data-widget_type=\"heading.default\">\n\t\t\t\t<div class=\"elementor-widget-container\">\n\t\t\t\t\t<h2 class=\"elementor-heading-title elementor-size-default\">Proteggere l'ambiente per proteggere noi stessi<\/h2>\t\t\t\t<\/div>\n\t\t\t\t<\/div>\n\t\t\t\t<div class=\"elementor-element elementor-element-03bc13c premium-lottie-svg elementor-widget elementor-widget-premium-lottie\" data-id=\"03bc13c\" data-element_type=\"widget\" data-settings=\"{&quot;ekit_we_effect_on&quot;:&quot;none&quot;}\" data-widget_type=\"premium-lottie.default\">\n\t\t\t\t<div class=\"elementor-widget-container\">\n\t\t\t\t\t\n\t\t<div class=\"premium-lottie-animation\" data-lottie-url=\"https:\/\/assets4.lottiefiles.com\/packages\/lf20_okszhqdo.json\" data-lottie-loop=\"true\" data-lottie-reverse=\"\" data-lottie-hover=\"\" data-lottie-speed=\"1\" data-lottie-render=\"svg\" data-lottie-delay=\"\">\n\t\t\t\t\t<\/div>\n\n\t\t\t\t\t\t<\/div>\n\t\t\t\t<\/div>\n\t\t\t\t<div class=\"elementor-element elementor-element-7e4d7bc elementor-widget elementor-widget-heading\" data-id=\"7e4d7bc\" data-element_type=\"widget\" data-settings=\"{&quot;ekit_we_effect_on&quot;:&quot;none&quot;}\" data-widget_type=\"heading.default\">\n\t\t\t\t<div class=\"elementor-widget-container\">\n\t\t\t\t\t<h2 class=\"elementor-heading-title elementor-size-default\">Oltre l\u201980% dei nostri prodotti proviene da aziende distanti meno di 30km da Roma<\/h2>\t\t\t\t<\/div>\n\t\t\t\t<\/div>\n\t\t\t\t<div class=\"elementor-element elementor-element-f5677e4 elementor-widget elementor-widget-heading\" data-id=\"f5677e4\" data-element_type=\"widget\" data-settings=\"{&quot;ekit_we_effect_on&quot;:&quot;none&quot;}\" data-widget_type=\"heading.default\">\n\t\t\t\t<div class=\"elementor-widget-container\">\n\t\t\t\t\t<h2 class=\"elementor-heading-title elementor-size-default\">Scegliere prodotti a filiera corta \u00e8 importante perch\u00e8:<\/h2>\t\t\t\t<\/div>\n\t\t\t\t<\/div>\n\t\t\t\t<div class=\"elementor-element elementor-element-0ca5a69 ekit-image-accordion-hover ekit-image-accordion-mobile-vertical ekit-image-accordion-horizontal elementor-widget elementor-widget-elementskit-image-accordion\" data-id=\"0ca5a69\" data-element_type=\"widget\" data-settings=\"{&quot;ekit_we_effect_on&quot;:&quot;none&quot;}\" data-widget_type=\"elementskit-image-accordion.default\">\n\t\t\t\t<div class=\"elementor-widget-container\">\n\t\t\t\t\t<div class=\"ekit-wid-con\" >\t\t<div class=\"ekit-image-accordion elementskit-image-accordion-wraper\">\n\t\t\t                <input type=\"radio\" name=\"ekit_ia_0ca5a69\" id=\"ekit_ia_0ca5a69_0\" class=\"elementskit-single-image-accordion--input\" hidden>\n                <label for=\"ekit_ia_0ca5a69_0\" class=\"elementskit-single-image-accordion ekit-image-accordion-item\" style=\"background-image: url(https:\/\/www.mozzafa.it\/wp-content\/uploads\/2021\/09\/verdure.jpg)\">\n                    <span class=\"elementskit-accordion-content\">\n\t\t\t\t\t\t\t\t\t\t\t\t\t<span class=\"elementskit-accordion-title-wraper\">\n\t\t\t\t\t\t\t\t<span class=\"elementskit-accordion-title \">\n\t\t\t\t\t\t\t\t\n\t\t\t\t\t\t\t\tSai da dove viene quello che mangi e come \u00e8 stato prodotto\n\t\t\t\t\t\t\t\t\t\t\t\t\t\t\t\t<\/span>\n\t\t\t\t\t\t\t<\/span>\n\t\t\t\t\t\t\t                    <\/span>\n                <\/label>\n                            <input type=\"radio\" name=\"ekit_ia_0ca5a69\" id=\"ekit_ia_0ca5a69_1\" class=\"elementskit-single-image-accordion--input\" hidden>\n                <label for=\"ekit_ia_0ca5a69_1\" class=\"elementskit-single-image-accordion ekit-image-accordion-item\" style=\"background-image: url(https:\/\/www.mozzafa.it\/wp-content\/uploads\/2021\/07\/landscape-shot-of-val-d-orcia-tuscany-italy-with-a-cloudy-sunny-blue-sky.jpg)\">\n                    <span class=\"elementskit-accordion-content\">\n\t\t\t\t\t\t\t\t\t\t\t\t\t<span class=\"elementskit-accordion-title-wraper\">\n\t\t\t\t\t\t\t\t<span class=\"elementskit-accordion-title \">\n\t\t\t\t\t\t\t\t\n\t\t\t\t\t\t\t\tContribuisci alla salvaguardia dell\u2019ambiente e alla rivalutazione del territorio locale\n\t\t\t\t\t\t\t\t\t\t\t\t\t\t\t\t<\/span>\n\t\t\t\t\t\t\t<\/span>\n\t\t\t\t\t\t\t                    <\/span>\n                <\/label>\n                            <input type=\"radio\" name=\"ekit_ia_0ca5a69\" id=\"ekit_ia_0ca5a69_2\" class=\"elementskit-single-image-accordion--input\" hidden>\n                <label for=\"ekit_ia_0ca5a69_2\" class=\"elementskit-single-image-accordion ekit-image-accordion-item\" style=\"background-image: url(https:\/\/www.mozzafa.it\/wp-content\/uploads\/2021\/09\/agricoltori2.jpg)\">\n                    <span class=\"elementskit-accordion-content\">\n\t\t\t\t\t\t\t\t\t\t\t\t\t<span class=\"elementskit-accordion-title-wraper\">\n\t\t\t\t\t\t\t\t<span class=\"elementskit-accordion-title \">\n\t\t\t\t\t\t\t\t\n\t\t\t\t\t\t\t\tOffri un compenso pi\u00f9 equo ai produttori\n\t\t\t\t\t\t\t\t\t\t\t\t\t\t\t\t<\/span>\n\t\t\t\t\t\t\t<\/span>\n\t\t\t\t\t\t\t                    <\/span>\n                <\/label>\n                    <\/div>\n    <\/div>\t\t\t\t<\/div>\n\t\t\t\t<\/div>\n\t\t\t\t<div class=\"elementor-element elementor-element-1356c78 elementor-widget elementor-widget-text-editor\" data-id=\"1356c78\" data-element_type=\"widget\" data-settings=\"{&quot;ekit_we_effect_on&quot;:&quot;none&quot;}\" data-widget_type=\"text-editor.default\">\n\t\t\t\t<div class=\"elementor-widget-container\">\n\t\t\t\t\t\t\t\t\t<p>Credit Photo<br \/><a href=\"https:\/\/it.freepik.com\/search?format=search&amp;page=1&amp;query=agricoltura\">1, 2,<\/a>\u00a0<a href=\"https:\/\/unsplash.com\/@wflwong?utm_source=unsplash&amp;utm_medium=referral&amp;utm_content=creditCopyText\">3<\/a><\/p>\t\t\t\t\t\t\t\t<\/div>\n\t\t\t\t<\/div>\n\t\t\t\t<div class=\"elementor-element elementor-element-0adfbb2 elementor-widget elementor-widget-heading\" data-id=\"0adfbb2\" data-element_type=\"widget\" data-settings=\"{&quot;ekit_we_effect_on&quot;:&quot;none&quot;}\" data-widget_type=\"heading.default\">\n\t\t\t\t<div class=\"elementor-widget-container\">\n\t\t\t\t\t<h2 class=\"elementor-heading-title elementor-size-default\">Tutti i nostri imballi sono biodegradabili<\/h2>\t\t\t\t<\/div>\n\t\t\t\t<\/div>\n\t\t\t\t<div class=\"elementor-element elementor-element-3c98ed7 elementor-widget elementor-widget-heading\" data-id=\"3c98ed7\" data-element_type=\"widget\" data-settings=\"{&quot;ekit_we_effect_on&quot;:&quot;none&quot;}\" data-widget_type=\"heading.default\">\n\t\t\t\t<div class=\"elementor-widget-container\">\n\t\t\t\t\t<h2 class=\"elementor-heading-title elementor-size-default\">(dove la legge lo consente)<\/h2>\t\t\t\t<\/div>\n\t\t\t\t<\/div>\n\t\t\t\t<div class=\"elementor-element elementor-element-f071e9e animated-slow premium-lottie-svg elementor-widget elementor-widget-premium-lottie\" data-id=\"f071e9e\" data-element_type=\"widget\" data-settings=\"{&quot;_animation&quot;:&quot;none&quot;,&quot;ekit_we_effect_on&quot;:&quot;none&quot;}\" data-widget_type=\"premium-lottie.default\">\n\t\t\t\t<div class=\"elementor-widget-container\">\n\t\t\t\t\t\n\t\t<div class=\"premium-lottie-animation\" data-lottie-url=\"https:\/\/assets4.lottiefiles.com\/packages\/lf20_lBcAZi.json\" data-lottie-loop=\"true\" data-lottie-reverse=\"\" data-lottie-hover=\"\" data-lottie-speed=\"0.4\" data-lottie-render=\"svg\" data-lottie-delay=\"\">\n\t\t\t\t\t<\/div>\n\n\t\t\t\t\t\t<\/div>\n\t\t\t\t<\/div>\n\t\t\t\t<div class=\"elementor-element elementor-element-230b348 elementor-widget elementor-widget-heading\" data-id=\"230b348\" data-element_type=\"widget\" data-settings=\"{&quot;ekit_we_effect_on&quot;:&quot;none&quot;}\" data-widget_type=\"heading.default\">\n\t\t\t\t<div class=\"elementor-widget-container\">\n\t\t\t\t\t<h2 class=\"elementor-heading-title elementor-size-default\">Oltre il 33% delle consegne viene effettuato con mezzi ad alta sostenibilit\u00e0<\/h2>\t\t\t\t<\/div>\n\t\t\t\t<\/div>\n\t\t\t\t<div class=\"elementor-element elementor-element-7224f65 animated-slow premium-lottie-svg elementor-invisible elementor-widget elementor-widget-premium-lottie\" data-id=\"7224f65\" data-element_type=\"widget\" data-settings=\"{&quot;_animation&quot;:&quot;slideInLeft&quot;,&quot;ekit_we_effect_on&quot;:&quot;none&quot;}\" data-widget_type=\"premium-lottie.default\">\n\t\t\t\t<div class=\"elementor-widget-container\">\n\t\t\t\t\t\n\t\t<div class=\"premium-lottie-animation\" data-lottie-url=\"https:\/\/assets9.lottiefiles.com\/private_files\/lf30_tjdy9hfq.json\" data-lottie-loop=\"true\" data-lottie-reverse=\"\" data-lottie-hover=\"\" data-lottie-speed=\"1\" data-lottie-render=\"svg\" data-lottie-delay=\"\">\n\t\t\t\t\t<\/div>\n\n\t\t\t\t\t\t<\/div>\n\t\t\t\t<\/div>\n\t\t\t\t\t<\/div>\n\t\t<\/div>\n\t\t\t\t\t<\/div>\n\t\t<\/section>\n\t\t\t\t<\/div>\n\t\t","protected":false},"excerpt":{"rendered":"<p>Sostenibilit\u00e0 Proteggere l&#8217;ambiente per proteggere noi stessi Oltre l\u201980% dei nostri prodotti proviene da aziende distanti meno di 30km da Roma Scegliere prodotti a filiera corta \u00e8 importante perch\u00e8: Sai da dove viene quello che mangi e come \u00e8 stato prodotto Contribuisci alla salvaguardia dell\u2019ambiente e alla rivalutazione del territorio locale Offri un compenso pi\u00f9 [&hellip;]<\/p>\n","protected":false},"author":2,"featured_media":0,"parent":0,"menu_order":0,"comment_status":"closed","ping_status":"closed","template":"","meta":{"site-sidebar-layout":"no-sidebar","site-content-layout":"page-builder","ast-site-content-layout":"","site-content-style":"default","site-sidebar-style":"default","ast-global-header-display":"","ast-banner-title-visibility":"","ast-main-header-display":"","ast-hfb-above-header-display":"","ast-hfb-below-header-display":"","ast-hfb-mobile-header-display":"","site-post-title":"disabled","ast-breadcrumbs-content":"","ast-featured-img":"disabled","footer-sml-layout":"","theme-transparent-header-meta":"default","adv-header-id-meta":"","stick-header-meta":"","header-above-stick-meta":"","header-main-stick-meta":"","header-below-stick-meta":"","astra-migrate-meta-layouts":"default","ast-page-background-enabled":"default","ast-page-background-meta":{"desktop":{"background-color":"","background-image":"","background-repeat":"repeat","background-position":"center center","background-size":"auto","background-attachment":"scroll","background-type":"","background-media":"","overlay-type":"","overlay-color":"","overlay-gradient":""},"tablet":{"background-color":"","background-image":"","background-repeat":"repeat","background-position":"center center","background-size":"auto","background-attachment":"scroll","background-type":"","background-media":"","overlay-type":"","overlay-color":"","overlay-gradient":""},"mobile":{"background-color":"","background-image":"","background-repeat":"repeat","background-position":"center center","background-size":"auto","background-attachment":"scroll","background-type":"","background-media":"","overlay-type":"","overlay-color":"","overlay-gradient":""}},"ast-content-background-meta":{"desktop":{"background-color":"var(--ast-global-color-5)","background-image":"","background-repeat":"repeat","background-position":"center center","background-size":"auto","background-attachment":"scroll","background-type":"","background-media":"","overlay-type":"","overlay-color":"","overlay-gradient":""},"tablet":{"background-color":"var(--ast-global-color-5)","background-image":"","background-repeat":"repeat","background-position":"center center","background-size":"auto","background-attachment":"scroll","background-type":"","background-media":"","overlay-type":"","overlay-color":"","overlay-gradient":""},"mobile":{"background-color":"var(--ast-global-color-5)","background-image":"","background-repeat":"repeat","background-position":"center center","background-size":"auto","background-attachment":"scroll","background-type":"","background-media":"","overlay-type":"","overlay-color":"","overlay-gradient":""}},"footnotes":""},"class_list":["post-1447","page","type-page","status-publish","hentry"],"yoast_head":"<!-- This site is optimized with the Yoast SEO plugin v25.9 - https:\/\/yoast.com\/wordpress\/plugins\/seo\/ -->\n<title>Sostenibilit\u00e0 - Mozzaf\u00e0<\/title>\n<meta name=\"robots\" content=\"index, follow, max-snippet:-1, max-image-preview:large, max-video-preview:-1\" \/>\n<link rel=\"canonical\" href=\"https:\/\/www.mozzafa.it\/index.php\/sostenibilita\/\" \/>\n<meta property=\"og:locale\" content=\"it_IT\" \/>\n<meta property=\"og:type\" content=\"article\" \/>\n<meta property=\"og:title\" content=\"Sostenibilit\u00e0 - Mozzaf\u00e0\" \/>\n<meta property=\"og:description\" content=\"Sostenibilit\u00e0 Proteggere l&#8217;ambiente per proteggere noi stessi Oltre l\u201980% dei nostri prodotti proviene da aziende distanti meno di 30km da Roma Scegliere prodotti a filiera corta \u00e8 importante perch\u00e8: Sai da dove viene quello che mangi e come \u00e8 stato prodotto Contribuisci alla salvaguardia dell\u2019ambiente e alla rivalutazione del territorio locale Offri un compenso pi\u00f9 [&hellip;]\" \/>\n<meta property=\"og:url\" content=\"https:\/\/www.mozzafa.it\/index.php\/sostenibilita\/\" \/>\n<meta property=\"og:site_name\" content=\"Mozzaf\u00e0\" \/>\n<meta property=\"article:modified_time\" content=\"2021-09-02T16:32:31+00:00\" \/>\n<meta name=\"twitter:card\" content=\"summary_large_image\" \/>\n<meta name=\"twitter:label1\" content=\"Tempo di lettura stimato\" \/>\n\t<meta name=\"twitter:data1\" content=\"1 minuto\" \/>\n<script type=\"application\/ld+json\" class=\"yoast-schema-graph\">{\"@context\":\"https:\/\/schema.org\",\"@graph\":[{\"@type\":\"WebPage\",\"@id\":\"https:\/\/www.mozzafa.it\/index.php\/sostenibilita\/\",\"url\":\"https:\/\/www.mozzafa.it\/index.php\/sostenibilita\/\",\"name\":\"Sostenibilit\u00e0 - Mozzaf\u00e0\",\"isPartOf\":{\"@id\":\"https:\/\/www.mozzafa.it\/#website\"},\"datePublished\":\"2021-09-02T12:25:32+00:00\",\"dateModified\":\"2021-09-02T16:32:31+00:00\",\"breadcrumb\":{\"@id\":\"https:\/\/www.mozzafa.it\/index.php\/sostenibilita\/#breadcrumb\"},\"inLanguage\":\"it-IT\",\"potentialAction\":[{\"@type\":\"ReadAction\",\"target\":[\"https:\/\/www.mozzafa.it\/index.php\/sostenibilita\/\"]}]},{\"@type\":\"BreadcrumbList\",\"@id\":\"https:\/\/www.mozzafa.it\/index.php\/sostenibilita\/#breadcrumb\",\"itemListElement\":[{\"@type\":\"ListItem\",\"position\":1,\"name\":\"Home\",\"item\":\"https:\/\/www.mozzafa.it\/\"},{\"@type\":\"ListItem\",\"position\":2,\"name\":\"Sostenibilit\u00e0\"}]},{\"@type\":\"WebSite\",\"@id\":\"https:\/\/www.mozzafa.it\/#website\",\"url\":\"https:\/\/www.mozzafa.it\/\",\"name\":\"Il mio Blog\",\"description\":\"cibi freschi di giornata dal produttore alla tua tavola\",\"publisher\":{\"@id\":\"https:\/\/www.mozzafa.it\/#organization\"},\"potentialAction\":[{\"@type\":\"SearchAction\",\"target\":{\"@type\":\"EntryPoint\",\"urlTemplate\":\"https:\/\/www.mozzafa.it\/?s={search_term_string}\"},\"query-input\":{\"@type\":\"PropertyValueSpecification\",\"valueRequired\":true,\"valueName\":\"search_term_string\"}}],\"inLanguage\":\"it-IT\"},{\"@type\":\"Organization\",\"@id\":\"https:\/\/www.mozzafa.it\/#organization\",\"name\":\"Il mio Blog\",\"url\":\"https:\/\/www.mozzafa.it\/\",\"logo\":{\"@type\":\"ImageObject\",\"inLanguage\":\"it-IT\",\"@id\":\"https:\/\/www.mozzafa.it\/#\/schema\/logo\/image\/\",\"url\":\"https:\/\/www.mozzafa.it\/wp-content\/uploads\/2021\/07\/cropped-mozzafa-logo-verde.png\",\"contentUrl\":\"https:\/\/www.mozzafa.it\/wp-content\/uploads\/2021\/07\/cropped-mozzafa-logo-verde.png\",\"width\":768,\"height\":331,\"caption\":\"Il mio Blog\"},\"image\":{\"@id\":\"https:\/\/www.mozzafa.it\/#\/schema\/logo\/image\/\"}}]}<\/script>\n<!-- \/ Yoast SEO plugin. -->","yoast_head_json":{"title":"Sostenibilit\u00e0 - Mozzaf\u00e0","robots":{"index":"index","follow":"follow","max-snippet":"max-snippet:-1","max-image-preview":"max-image-preview:large","max-video-preview":"max-video-preview:-1"},"canonical":"https:\/\/www.mozzafa.it\/index.php\/sostenibilita\/","og_locale":"it_IT","og_type":"article","og_title":"Sostenibilit\u00e0 - Mozzaf\u00e0","og_description":"Sostenibilit\u00e0 Proteggere l&#8217;ambiente per proteggere noi stessi Oltre l\u201980% dei nostri prodotti proviene da aziende distanti meno di 30km da Roma Scegliere prodotti a filiera corta \u00e8 importante perch\u00e8: Sai da dove viene quello che mangi e come \u00e8 stato prodotto Contribuisci alla salvaguardia dell\u2019ambiente e alla rivalutazione del territorio locale Offri un compenso pi\u00f9 [&hellip;]","og_url":"https:\/\/www.mozzafa.it\/index.php\/sostenibilita\/","og_site_name":"Mozzaf\u00e0","article_modified_time":"2021-09-02T16:32:31+00:00","twitter_card":"summary_large_image","twitter_misc":{"Tempo di lettura stimato":"1 minuto"},"schema":{"@context":"https:\/\/schema.org","@graph":[{"@type":"WebPage","@id":"https:\/\/www.mozzafa.it\/index.php\/sostenibilita\/","url":"https:\/\/www.mozzafa.it\/index.php\/sostenibilita\/","name":"Sostenibilit\u00e0 - Mozzaf\u00e0","isPartOf":{"@id":"https:\/\/www.mozzafa.it\/#website"},"datePublished":"2021-09-02T12:25:32+00:00","dateModified":"2021-09-02T16:32:31+00:00","breadcrumb":{"@id":"https:\/\/www.mozzafa.it\/index.php\/sostenibilita\/#breadcrumb"},"inLanguage":"it-IT","potentialAction":[{"@type":"ReadAction","target":["https:\/\/www.mozzafa.it\/index.php\/sostenibilita\/"]}]},{"@type":"BreadcrumbList","@id":"https:\/\/www.mozzafa.it\/index.php\/sostenibilita\/#breadcrumb","itemListElement":[{"@type":"ListItem","position":1,"name":"Home","item":"https:\/\/www.mozzafa.it\/"},{"@type":"ListItem","position":2,"name":"Sostenibilit\u00e0"}]},{"@type":"WebSite","@id":"https:\/\/www.mozzafa.it\/#website","url":"https:\/\/www.mozzafa.it\/","name":"Il mio Blog","description":"cibi freschi di giornata dal produttore alla tua tavola","publisher":{"@id":"https:\/\/www.mozzafa.it\/#organization"},"potentialAction":[{"@type":"SearchAction","target":{"@type":"EntryPoint","urlTemplate":"https:\/\/www.mozzafa.it\/?s={search_term_string}"},"query-input":{"@type":"PropertyValueSpecification","valueRequired":true,"valueName":"search_term_string"}}],"inLanguage":"it-IT"},{"@type":"Organization","@id":"https:\/\/www.mozzafa.it\/#organization","name":"Il mio Blog","url":"https:\/\/www.mozzafa.it\/","logo":{"@type":"ImageObject","inLanguage":"it-IT","@id":"https:\/\/www.mozzafa.it\/#\/schema\/logo\/image\/","url":"https:\/\/www.mozzafa.it\/wp-content\/uploads\/2021\/07\/cropped-mozzafa-logo-verde.png","contentUrl":"https:\/\/www.mozzafa.it\/wp-content\/uploads\/2021\/07\/cropped-mozzafa-logo-verde.png","width":768,"height":331,"caption":"Il mio Blog"},"image":{"@id":"https:\/\/www.mozzafa.it\/#\/schema\/logo\/image\/"}}]}},"_links":{"self":[{"href":"https:\/\/www.mozzafa.it\/index.php\/wp-json\/wp\/v2\/pages\/1447","targetHints":{"allow":["GET"]}}],"collection":[{"href":"https:\/\/www.mozzafa.it\/index.php\/wp-json\/wp\/v2\/pages"}],"about":[{"href":"https:\/\/www.mozzafa.it\/index.php\/wp-json\/wp\/v2\/types\/page"}],"author":[{"embeddable":true,"href":"https:\/\/www.mozzafa.it\/index.php\/wp-json\/wp\/v2\/users\/2"}],"replies":[{"embeddable":true,"href":"https:\/\/www.mozzafa.it\/index.php\/wp-json\/wp\/v2\/comments?post=1447"}],"version-history":[{"count":49,"href":"https:\/\/www.mozzafa.it\/index.php\/wp-json\/wp\/v2\/pages\/1447\/revisions"}],"predecessor-version":[{"id":1528,"href":"https:\/\/www.mozzafa.it\/index.php\/wp-json\/wp\/v2\/pages\/1447\/revisions\/1528"}],"wp:attachment":[{"href":"https:\/\/www.mozzafa.it\/index.php\/wp-json\/wp\/v2\/media?parent=1447"}],"curies":[{"name":"wp","href":"https:\/\/api.w.org\/{rel}","templated":true}]}}